{"id":325,"date":"2023-12-13T13:49:12","date_gmt":"2023-12-13T12:49:12","guid":{"rendered":"https:\/\/anr.gm.univ-montp2.fr\/?page_id=325"},"modified":"2026-04-08T10:51:31","modified_gmt":"2026-04-08T08:51:31","slug":"news","status":"publish","type":"page","link":"https:\/\/anr-cmio.gm.umontpellier.fr\/?page_id=325","title":{"rendered":"News"},"content":{"rendered":"<ul class=\"wp-block-latest-posts__list alignleft wp-block-latest-posts\"><li><div class=\"wp-block-latest-posts__featured-image alignleft\"><img loading=\"lazy\" decoding=\"async\" width=\"150\" height=\"150\" src=\"https:\/\/anr-cmio.gm.umontpellier.fr\/wp-content\/uploads\/2026\/02\/PHOTO-2026-02-16-20-50-24-150x150.jpg\" class=\"attachment-thumbnail size-thumbnail wp-post-image\" alt=\"\" style=\"\" \/><\/div><a class=\"wp-block-latest-posts__post-title\" href=\"https:\/\/anr-cmio.gm.umontpellier.fr\/?p=772\">Coralie Si\u00e9gel visited the CMiO team and UMR Geoscience Montpellier in January 2026<\/a><div class=\"wp-block-latest-posts__post-excerpt\">From 5\u20139 January 2026, I visited Geosciences Montpellier as part of an initiative funded by the Australian Critical Minerals Hub to strengthen collaborations with French research teams working on critical metals. Hosted by B\u00e9n\u00e9dicte, the visit provided an excellent opportunity for scientific exchange. During the week, we held productive discussions focused on ore\u2011forming processes and &hellip; <a href=\"https:\/\/anr-cmio.gm.umontpellier.fr\/?p=772\">Continuer la lecture <span class=\"meta-nav\">&rarr;<\/span><\/a><\/div><\/li>\n<li><div class=\"wp-block-latest-posts__featured-image alignleft\"><img loading=\"lazy\" decoding=\"async\" width=\"150\" height=\"150\" src=\"https:\/\/anr-cmio.gm.umontpellier.fr\/wp-content\/uploads\/2026\/02\/20260114_171728-150x150.jpg\" class=\"attachment-thumbnail size-thumbnail wp-post-image\" alt=\"\" style=\"\" \/><\/div><a class=\"wp-block-latest-posts__post-title\" href=\"https:\/\/anr-cmio.gm.umontpellier.fr\/?p=768\">Valentine Blumstein is back from her first conference, just a few months after starting her PhD<\/a><div class=\"wp-block-latest-posts__post-excerpt\">Hello everyone, My name is Valentine Blumstein. A little over three months ago, I began working on a thesis supervised by B\u00e9n\u00e9dicte and Magali. The main goal of my thesis is to fill in the current gaps in our knowledge about the mobility and concentration of critical metals (Ga, Ge, In, Sb) during orogenic processes &hellip; <a href=\"https:\/\/anr-cmio.gm.umontpellier.fr\/?p=768\">Continuer la lecture <span class=\"meta-nav\">&rarr;<\/span><\/a><\/div><\/li>\n<li><div class=\"wp-block-latest-posts__featured-image alignleft\"><img loading=\"lazy\" decoding=\"async\" width=\"150\" height=\"150\" src=\"https:\/\/anr-cmio.gm.umontpellier.fr\/wp-content\/uploads\/2026\/02\/PHOTO-2026-01-30-11-13-01-150x150.jpg\" class=\"attachment-thumbnail size-thumbnail wp-post-image\" alt=\"\" style=\"\" \/><\/div><a class=\"wp-block-latest-posts__post-title\" href=\"https:\/\/anr-cmio.gm.umontpellier.fr\/?p=765\">Deta Gasser and Hanne Paulsen visited U Montpellier thanks to our PHC Aurora funding<\/a><div class=\"wp-block-latest-posts__post-excerpt\">It has been an amazing week full of discussion about the VMS deposits of Norway studied within the framewor of Valentine Blumstein&#8217;s PhD thesis. From geodynamics of the Caledonides to the Indium content of some samples, the formation of VMS more of less reworked by high temperature metamorphism and deformation, the discussions were very fruitful. &hellip; <a href=\"https:\/\/anr-cmio.gm.umontpellier.fr\/?p=765\">Continuer la lecture <span class=\"meta-nav\">&rarr;<\/span><\/a><\/div><\/li>\n<li><div class=\"wp-block-latest-posts__featured-image alignleft\"><img loading=\"lazy\" decoding=\"async\" width=\"150\" height=\"150\" src=\"https:\/\/anr-cmio.gm.umontpellier.fr\/wp-content\/uploads\/2026\/02\/img-150x150.jpeg\" class=\"attachment-thumbnail size-thumbnail wp-post-image\" alt=\"\" style=\"\" \/><\/div><a class=\"wp-block-latest-posts__post-title\" href=\"https:\/\/anr-cmio.gm.umontpellier.fr\/?p=762\">Lison Moynier started her Post-Doc in collaboration with the Massif Central project of the PEPR Sous Sol !<\/a><div class=\"wp-block-latest-posts__post-excerpt\">Today I am starting my first postdoctoral contract for a period of 1 year, combining my favorite topics (metallogeny and structural geology) and allowing me to reconnect with local geology, here in France. The study area? The Massif Central, and more specifically the Haut-Allier region. This region is historically known for its intense mining activity, &hellip; <a href=\"https:\/\/anr-cmio.gm.umontpellier.fr\/?p=762\">Continuer la lecture <span class=\"meta-nav\">&rarr;<\/span><\/a><\/div><\/li>\n<li><div class=\"wp-block-latest-posts__featured-image alignleft\"><img loading=\"lazy\" decoding=\"async\" width=\"150\" height=\"150\" src=\"https:\/\/anr-cmio.gm.umontpellier.fr\/wp-content\/uploads\/2025\/10\/Capture-decran-2025-10-16-a-1.21.42\u202fPM-150x150.png\" class=\"attachment-thumbnail size-thumbnail wp-post-image\" alt=\"\" style=\"\" \/><\/div><a class=\"wp-block-latest-posts__post-title\" href=\"https:\/\/anr-cmio.gm.umontpellier.fr\/?p=748\">Paper alert: How can we define Orogenic Critical Metals ?<\/a><div class=\"wp-block-latest-posts__post-excerpt\">What if the role of metamorphim and deformation has been underestimated in concentrating critical metals ? What if predictivity maps for exploring critical metals could be refined following metamorphic gradients ? I truly hope that this review article will bridge the gap between the economic and metamorphic geology communities ! Happy to share a review &hellip; <a href=\"https:\/\/anr-cmio.gm.umontpellier.fr\/?p=748\">Continuer la lecture <span class=\"meta-nav\">&rarr;<\/span><\/a><\/div><\/li>\n<li><div class=\"wp-block-latest-posts__featured-image alignleft\"><img loading=\"lazy\" decoding=\"async\" width=\"150\" height=\"150\" src=\"https:\/\/anr-cmio.gm.umontpellier.fr\/wp-content\/uploads\/2025\/10\/Sans-titre-150x150.jpg\" class=\"attachment-thumbnail size-thumbnail wp-post-image\" alt=\"\" style=\"\" \/><\/div><a class=\"wp-block-latest-posts__post-title\" href=\"https:\/\/anr-cmio.gm.umontpellier.fr\/?p=745\">Hadjar Goddi has started her PhD in September 2025 !<\/a><div class=\"wp-block-latest-posts__post-excerpt\">What if understanding how we talk, listen, and react to one another could help us make better collective decisions about our planet\u2019s future? I\u2019m Hajar Goddi, and my PhD sits at the crossroads between human interaction analysis and artificial intelligence, within the Critical Metals in Orogens (CMiO)\u00a0project. While some of my colleagues study the rocks &hellip; <a href=\"https:\/\/anr-cmio.gm.umontpellier.fr\/?p=745\">Continuer la lecture <span class=\"meta-nav\">&rarr;<\/span><\/a><\/div><\/li>\n<li><div class=\"wp-block-latest-posts__featured-image alignleft\"><img loading=\"lazy\" decoding=\"async\" width=\"150\" height=\"150\" src=\"https:\/\/anr-cmio.gm.umontpellier.fr\/wp-content\/uploads\/2025\/06\/vignette-conference-25-06-25-1-150x150.jpg\" class=\"attachment-thumbnail size-thumbnail wp-post-image\" alt=\"\" style=\"\" \/><\/div><a class=\"wp-block-latest-posts__post-title\" href=\"https:\/\/anr-cmio.gm.umontpellier.fr\/?p=715\">[Conf\u00e9rence ANR CMiO] Les m\u00e9taux critiques (Ge, Ga, In) : gisements primaires et secondaires<\/a><div class=\"wp-block-latest-posts__post-excerpt\">mercredi 25 juin 2025 14:00 amphi 23.01, campus Triolet, Universit\u00e9 de Montpellier Conf\u00e9rence ouverte \u00e0 tous dans le cadre de la r\u00e9union annuelle de l\u2019ANR CMiO Avec Magali Rossi (USMB, Edytem) et \u00c9milie Janots (UGA, ISTerre) Les m\u00e9taux critiques (Ge, Ga, In) sont de plus en plus utilis\u00e9s dans notre quotidien, que ce soit pour &hellip; <a href=\"https:\/\/anr-cmio.gm.umontpellier.fr\/?p=715\">Continuer la lecture <span class=\"meta-nav\">&rarr;<\/span><\/a><\/div><\/li>\n<li><div class=\"wp-block-latest-posts__featured-image alignleft\"><img loading=\"lazy\" decoding=\"async\" width=\"150\" height=\"150\" src=\"https:\/\/anr-cmio.gm.umontpellier.fr\/wp-content\/uploads\/2025\/01\/Capture-decran-2025-01-16-a-9.07.44\u202fPM-150x150.png\" class=\"attachment-thumbnail size-thumbnail wp-post-image\" alt=\"\" style=\"\" \/><\/div><a class=\"wp-block-latest-posts__post-title\" href=\"https:\/\/anr-cmio.gm.umontpellier.fr\/?p=696\">New France &#8211; Norway mobility project funded by the PHC Aurora scheme<\/a><div class=\"wp-block-latest-posts__post-excerpt\">Happy to annouce that we haved been awarded additional mobility funds to travel between France and Norway ! We are excited to start a new collaboration with Deta Gasser and Hanne-Kristin Paulsen, both structural geologists and experts in the geology of the Norwegian Caledonides where deposits that will be studied within the CMiO project are &hellip; <a href=\"https:\/\/anr-cmio.gm.umontpellier.fr\/?p=696\">Continuer la lecture <span class=\"meta-nav\">&rarr;<\/span><\/a><\/div><\/li>\n<li><div class=\"wp-block-latest-posts__featured-image alignleft\"><img loading=\"lazy\" decoding=\"async\" width=\"150\" height=\"150\" src=\"https:\/\/anr-cmio.gm.umontpellier.fr\/wp-content\/uploads\/2025\/01\/Photo-NA-Terrain-Zoom-150x150.jpg\" class=\"attachment-thumbnail size-thumbnail wp-post-image\" alt=\"\" style=\"\" \/><\/div><a class=\"wp-block-latest-posts__post-title\" href=\"https:\/\/anr-cmio.gm.umontpellier.fr\/?p=686\">Nicolas Afanassieff has started his PhD in december 2024 !<\/a><div class=\"wp-block-latest-posts__post-excerpt\">What if our ancient mines held the keys to our technological future? Today, I&#8217;m proud to announce a new adventure: the start of my PhD in Earth Sciences, on a subject at the crossroads of history and the future. My playground? The Massif Central, a region with breathtaking landscapes and a rich industrial history. My &hellip; <a href=\"https:\/\/anr-cmio.gm.umontpellier.fr\/?p=686\">Continuer la lecture <span class=\"meta-nav\">&rarr;<\/span><\/a><\/div><\/li>\n<li><div class=\"wp-block-latest-posts__featured-image alignleft\"><img loading=\"lazy\" decoding=\"async\" width=\"150\" height=\"150\" src=\"https:\/\/anr-cmio.gm.umontpellier.fr\/wp-content\/uploads\/2024\/12\/Capture-decran-2024-12-17-a-10.06.07\u202fPM-150x150.png\" class=\"attachment-thumbnail size-thumbnail wp-post-image\" alt=\"\" style=\"\" srcset=\"https:\/\/anr-cmio.gm.umontpellier.fr\/wp-content\/uploads\/2024\/12\/Capture-decran-2024-12-17-a-10.06.07\u202fPM-150x150.png 150w, https:\/\/anr-cmio.gm.umontpellier.fr\/wp-content\/uploads\/2024\/12\/Capture-decran-2024-12-17-a-10.06.07\u202fPM-300x300.png 300w, https:\/\/anr-cmio.gm.umontpellier.fr\/wp-content\/uploads\/2024\/12\/Capture-decran-2024-12-17-a-10.06.07\u202fPM-301x300.png 301w, https:\/\/anr-cmio.gm.umontpellier.fr\/wp-content\/uploads\/2024\/12\/Capture-decran-2024-12-17-a-10.06.07\u202fPM.png 580w\" sizes=\"(max-width: 150px) 100vw, 150px\" \/><\/div><a class=\"wp-block-latest-posts__post-title\" href=\"https:\/\/anr-cmio.gm.umontpellier.fr\/?p=659\">Cenozoic Pb\u2013Zn\u2013Ag mineralization in the Western Alps by M. Bertauts et al. published in Geology<\/a><div class=\"wp-block-latest-posts__post-excerpt\">This study sheds light on how valuable metals like lead (Pb), zinc (Zn), and silver (Ag) and associated critical metals formed in the Western Alps, a mountain range shaped by millions of years of geological activity. Using advanced techniques, we uncovered the processes behind these mineral deposits, linking their formation to the dramatic tectonic forces &hellip; <a href=\"https:\/\/anr-cmio.gm.umontpellier.fr\/?p=659\">Continuer la lecture <span class=\"meta-nav\">&rarr;<\/span><\/a><\/div><\/li>\n<li><div class=\"wp-block-latest-posts__featured-image alignleft\"><img loading=\"lazy\" decoding=\"async\" width=\"150\" height=\"150\" src=\"https:\/\/anr-cmio.gm.umontpellier.fr\/wp-content\/uploads\/2024\/07\/groupe_chateau-150x150.jpeg\" class=\"attachment-thumbnail size-thumbnail wp-post-image\" alt=\"\" style=\"\" \/><\/div><a class=\"wp-block-latest-posts__post-title\" href=\"https:\/\/anr-cmio.gm.umontpellier.fr\/?p=632\">Kick-off meeting 1-2-3 of July in Largenti\u00e8re<\/a><div class=\"wp-block-latest-posts__post-excerpt\">Very pleased about the great unfolding of the kick-off meeting of the Critical Metals in Orogens (CMiO) 2024-2028 ANR Project from the 1st to the 3rd of July 2024, at the great Domaine de l&#8217;Eau Vive in the Ard\u00e8che region, near the former silver mine of l&#8217;Argenti\u00e8re. Special thanks to all the scientific participants and &hellip; <a href=\"https:\/\/anr-cmio.gm.umontpellier.fr\/?p=632\">Continuer la lecture <span class=\"meta-nav\">&rarr;<\/span><\/a><\/div><\/li>\n<li><div class=\"wp-block-latest-posts__featured-image alignleft\"><img loading=\"lazy\" decoding=\"async\" width=\"150\" height=\"150\" src=\"https:\/\/anr-cmio.gm.umontpellier.fr\/wp-content\/uploads\/2024\/07\/sphalerite-150x150.png\" class=\"attachment-thumbnail size-thumbnail wp-post-image\" alt=\"\" style=\"\" \/><\/div><a class=\"wp-block-latest-posts__post-title\" href=\"https:\/\/anr-cmio.gm.umontpellier.fr\/?p=625\">Preliminary field trip at Saint-Laurent-le-Minier with J\u00e9r\u00e9my, Colin and Nathan<\/a><div class=\"wp-block-latest-posts__post-excerpt\">Dans le cadre de notre Licence 3 TEE et du projet ANR-CMIO \u00a0Nathan de Fosset, Colin Cacace et moi-m\u00eame avons particip\u00e9 au projet d&#8217;\u00e9tude des m\u00e9taux critiques (In, Ga, Ge) pr\u00e9sents dans les anciennes mines de plomb et de zinc du Massif central, dirig\u00e9 par B\u00e9n\u00e9dicte Cenki-Tok. Nous avons \u00e9tudi\u00e9 la concession de la mine &hellip; <a href=\"https:\/\/anr-cmio.gm.umontpellier.fr\/?p=625\">Continuer la lecture <span class=\"meta-nav\">&rarr;<\/span><\/a><\/div><\/li>\n<li><div class=\"wp-block-latest-posts__featured-image alignleft\"><img loading=\"lazy\" decoding=\"async\" width=\"150\" height=\"150\" src=\"https:\/\/anr-cmio.gm.umontpellier.fr\/wp-content\/uploads\/2024\/03\/WhatsApp-Image-2024-03-28-a-10.18.15_09bbf2cb-150x150.jpg\" class=\"attachment-thumbnail size-thumbnail wp-post-image\" alt=\"\" style=\"\" \/><\/div><a class=\"wp-block-latest-posts__post-title\" href=\"https:\/\/anr-cmio.gm.umontpellier.fr\/?p=584\">Just back from field work in Loz\u00e8re by Tess, Milena and Nolann<\/a><div class=\"wp-block-latest-posts__post-excerpt\">Au cours de notre ann\u00e9e de licence 3 en TEE, Milena Sanz, Nolann Meynard et moi m\u00eame avons d\u00fb choisir un projet de recherche. Nous avons d\u00e9cid\u00e9 de travailler sur l&#8217;\u00e9tude des m\u00e9taux critiques (Ge,Ga,In) dans les anciennes mines de Plomb Zinc du Massif Central. Notre projet s\u2019inscrit dans le cadre du projet de L\u2019ANR &hellip; <a href=\"https:\/\/anr-cmio.gm.umontpellier.fr\/?p=584\">Continuer la lecture <span class=\"meta-nav\">&rarr;<\/span><\/a><\/div><\/li>\n<li><div class=\"wp-block-latest-posts__featured-image alignleft\"><img loading=\"lazy\" decoding=\"async\" width=\"150\" height=\"150\" src=\"https:\/\/anr-cmio.gm.umontpellier.fr\/wp-content\/uploads\/2023\/12\/IMG_1991-150x150.jpeg\" class=\"attachment-thumbnail size-thumbnail wp-post-image\" alt=\"\" style=\"\" \/><\/div><a class=\"wp-block-latest-posts__post-title\" href=\"https:\/\/anr-cmio.gm.umontpellier.fr\/?p=321\">Exploratory field trip in Massif Central<\/a><div class=\"wp-block-latest-posts__post-excerpt\">An exploratory field trip in Massif Central for ANR CMiO has taken place in March 2023. \u00a0We have visited several historic mines and our analytical work has revealed high concentration in Indium in sphalerite from mine dumps. &nbsp;<\/div><\/li>\n<\/ul>","protected":false},"excerpt":{"rendered":"","protected":false},"author":1,"featured_media":0,"parent":0,"menu_order":0,"comment_status":"closed","ping_status":"closed","template":"","meta":{"footnotes":""},"_links":{"self":[{"href":"https:\/\/anr-cmio.gm.umontpellier.fr\/index.php?rest_route=\/wp\/v2\/pages\/325"}],"collection":[{"href":"https:\/\/anr-cmio.gm.umontpellier.fr\/index.php?rest_route=\/wp\/v2\/pages"}],"about":[{"href":"https:\/\/anr-cmio.gm.umontpellier.fr\/index.php?rest_route=\/wp\/v2\/types\/page"}],"author":[{"embeddable":true,"href":"https:\/\/anr-cmio.gm.umontpellier.fr\/index.php?rest_route=\/wp\/v2\/users\/1"}],"replies":[{"embeddable":true,"href":"https:\/\/anr-cmio.gm.umontpellier.fr\/index.php?rest_route=%2Fwp%2Fv2%2Fcomments&post=325"}],"version-history":[{"count":4,"href":"https:\/\/anr-cmio.gm.umontpellier.fr\/index.php?rest_route=\/wp\/v2\/pages\/325\/revisions"}],"predecessor-version":[{"id":778,"href":"https:\/\/anr-cmio.gm.umontpellier.fr\/index.php?rest_route=\/wp\/v2\/pages\/325\/revisions\/778"}],"wp:attachment":[{"href":"https:\/\/anr-cmio.gm.umontpellier.fr\/index.php?rest_route=%2Fwp%2Fv2%2Fmedia&parent=325"}],"curies":[{"name":"wp","href":"https:\/\/api.w.org\/{rel}","templated":true}]}}