{"id":3,"date":"2023-10-03T08:52:13","date_gmt":"2023-10-03T06:52:13","guid":{"rendered":"https:\/\/anr.gm.univ-montp2.fr\/?page_id=3"},"modified":"2024-02-28T16:28:02","modified_gmt":"2024-02-28T15:28:02","slug":"politique-de-confidentialite","status":"publish","type":"page","link":"https:\/\/anr-cmio.gm.umontpellier.fr\/?page_id=3","title":{"rendered":"Privacy policy \/ Credits \/ Legal notice"},"content":{"rendered":"\r\n<p><strong><img loading=\"lazy\" decoding=\"async\" class=\"alignnone  wp-image-415\" src=\"https:\/\/anr-cmio.gm.umontpellier.fr\/wp-content\/uploads\/2024\/02\/Logo_CMiO_400px-300x300.png\" alt=\"Logo du projet ANR CMiO.\" width=\"130\" height=\"131\" srcset=\"https:\/\/anr-cmio.gm.umontpellier.fr\/wp-content\/uploads\/2024\/02\/Logo_CMiO_400px-300x300.png 300w, https:\/\/anr-cmio.gm.umontpellier.fr\/wp-content\/uploads\/2024\/02\/Logo_CMiO_400px-150x150.png 150w, https:\/\/anr-cmio.gm.umontpellier.fr\/wp-content\/uploads\/2024\/02\/Logo_CMiO_400px.png 400w\" sizes=\"(max-width: 130px) 100vw, 130px\" \/><\/strong><\/p>\r\n<p><strong>Critical Metals in Orogens (CMiO)<\/strong> (ANR-23-CE01-0017)<br \/>Universit\u00e9 de Montpellier \u2013 place Eug\u00e8ne Bataillon<br \/>CC 60 \u2013 Campus Triolet<br \/>34095 MONTPELLIER Cedex 5<br \/>Publishing director : Beno\u00eet Ildefonse<br \/>Editorial director : B\u00e9n\u00e9dicte Cenki <br \/>Contact : <a href=\"mailto:anr-cmio@umontpellier.fr\">anr-cmio@umontpellier.fr<\/a><\/p>\r\n\r\n\r\n\r\n<p><strong>Host<\/strong><br \/>This site is hosted and maintained by the Geosciences Montpellier IT department.<\/p>\r\n<p><strong>Intellectual property rights<\/strong><br \/>The ANR Critical Metals in Orogens (CMiO) project website is a creative work, the exclusive property of the company, protected by French and international legislation on intellectual property rights (law no. 92-597 of 1 July 1992). No reproduction or representation may be made.<br \/>The word marks Critical Metals in Orogens (CMiO) ANR Project, as well as the logos appearing on the site are trademarks (semi-figurative or not) and are registered. Any total or partial reproduction of these trademarks or logos using elements from the site without express authorisation is prohibited under articles L.713-2 et seq. of the French Intellectual Property Code.<br \/>The ANR &#8220;Critical Metals in Orogens&#8221; (CMiO) project website is a creative work, the exclusive property of G\u00e9osciences Montpellier, protected by French and international legislation on intellectual property rights. No reproduction or representation may be made in contravention of the rights of G\u00e9osciences Montpellier under the aforementioned legislation.<\/p>\r\n<p><strong>Hypertext links<\/strong><br \/>The creation of hypertext links by third parties to pages or documents on the G\u00e9osciences Montpellier website is authorised provided that the links do not contravene the interests of G\u00e9osciences Montpellier, and that they guarantee the possibility for the user to identify the origin and author of the document.<\/p>\r\n<p><strong>Logs<\/strong> <br \/>In order to comply with security requirements, information is automatically collected when the site is consulted: date and time of access, IP addresses, pages visited, site of origin, type of browser and operating system. This information is recorded and kept for a period of one year. Only the IT department receives this information.<\/p>\r\n<p><strong>Contact form<\/strong><br \/>The information collected when filling in the contact form is sent directly to the ANR management team.<br \/>No information is stored.<\/p>\r\n<p><strong>Individual rights<\/strong><br \/>In accordance with the applicable legal and regulatory provisions, in particular Law No. 78-17 of 6 January, as amended, relating to information technology, files and freedoms and European Regulation No. 2016\/679\/EU of 27 April 2016 (applicable since 25 May 2018).<br \/>By contacting <a href=\"mailto:anr-cmio@umontpellier.fr\">anr-cmio@umontpellier.fr<\/a> you can request: the update or deletion of your data, the deletion of your account or withdraw your consent to the processing of your data.<\/p>\r\n<p>&nbsp;<\/p>\r\n","protected":false},"excerpt":{"rendered":"<p>Critical Metals in Orogens (CMiO) (ANR-23-CE01-0017)Universit\u00e9 de Montpellier \u2013 place Eug\u00e8ne BataillonCC 60 \u2013 Campus Triolet34095 MONTPELLIER Cedex 5Publishing director : Beno\u00eet IldefonseEditorial director : B\u00e9n\u00e9dicte Cenki Contact : anr-cmio@umontpellier.fr HostThis site is hosted and maintained by the Geosciences Montpellier &hellip; <a href=\"https:\/\/anr-cmio.gm.umontpellier.fr\/?page_id=3\">Continuer la lecture <span class=\"meta-nav\">&rarr;<\/span><\/a><\/p>\n","protected":false},"author":1,"featured_media":0,"parent":0,"menu_order":0,"comment_status":"closed","ping_status":"open","template":"","meta":{"footnotes":""},"_links":{"self":[{"href":"https:\/\/anr-cmio.gm.umontpellier.fr\/index.php?rest_route=\/wp\/v2\/pages\/3"}],"collection":[{"href":"https:\/\/anr-cmio.gm.umontpellier.fr\/index.php?rest_route=\/wp\/v2\/pages"}],"about":[{"href":"https:\/\/anr-cmio.gm.umontpellier.fr\/index.php?rest_route=\/wp\/v2\/types\/page"}],"author":[{"embeddable":true,"href":"https:\/\/anr-cmio.gm.umontpellier.fr\/index.php?rest_route=\/wp\/v2\/users\/1"}],"replies":[{"embeddable":true,"href":"https:\/\/anr-cmio.gm.umontpellier.fr\/index.php?rest_route=%2Fwp%2Fv2%2Fcomments&post=3"}],"version-history":[{"count":10,"href":"https:\/\/anr-cmio.gm.umontpellier.fr\/index.php?rest_route=\/wp\/v2\/pages\/3\/revisions"}],"predecessor-version":[{"id":479,"href":"https:\/\/anr-cmio.gm.umontpellier.fr\/index.php?rest_route=\/wp\/v2\/pages\/3\/revisions\/479"}],"wp:attachment":[{"href":"https:\/\/anr-cmio.gm.umontpellier.fr\/index.php?rest_route=%2Fwp%2Fv2%2Fmedia&parent=3"}],"curies":[{"name":"wp","href":"https:\/\/api.w.org\/{rel}","templated":true}]}}